{"id":1486,"date":"2025-10-07T11:57:02","date_gmt":"2025-10-07T11:57:02","guid":{"rendered":"https:\/\/refelastores.com\/product\/%d8%ba%d9%84%d8%a7%d9%8a%d9%87-%d8%b3%d9%85%d9%8a%d8%ac-3000-%d9%88%d8%a7%d8%aa-klf03rdeu\/"},"modified":"2026-04-12T14:20:27","modified_gmt":"2026-04-12T14:20:27","slug":"%d8%ba%d9%84%d8%a7%d9%8a%d9%87-%d8%b3%d9%85%d9%8a%d8%ac-3000-%d9%88%d8%a7%d8%aa-klf03rdeu","status":"publish","type":"product","link":"https:\/\/refelastores.com\/en\/product\/%d8%ba%d9%84%d8%a7%d9%8a%d9%87-%d8%b3%d9%85%d9%8a%d8%ac-3000-%d9%88%d8%a7%d8%aa-klf03rdeu\/","title":{"rendered":"\u063a\u0644\u0627\u064a\u0647 \u0633\u0645\u064a\u062c 3000 \u0648\u0627\u062a KLF03RDEU"},"content":{"rendered":"<p>This 1950s-style Smeg kettle features 7 temperature settings from 50\u00b0C to 100\u00b0C, with a 1.7-liter capacity, and opens gently with a soft-touch mechanism.\nThe swivel base allows the kettle to rotate approximately 360\u00b0 for easy handling and access.\nInside the kettle, there is a stainless steel filter with a lemon-scale design that can be easily removed for cleaning.\nThe kettle also includes an automatic safety shut-off when there is no water.\nThe window on the side of the kettle allows you to monitor the water level at all times.<\/p>","protected":false},"excerpt":{"rendered":"<ul class=\"a-unordered-list a-vertical a-spacing-mini\">\n<li class=\"a-spacing-mini\"><span class=\"a-list-item\">\u00a0\u0627\u0644\u0637\u0627\u0642\u0629 (\u0648\u0627\u0637): 2400. \u0646\u0648\u0639 \u0627\u0644\u062a\u062d\u0643\u0645: \u0630\u0631\u0627\u0639. \u0627\u0644\u0645\u0627\u062f\u0629: \u0633\u062a\u0627\u0646\u0644\u0633 \u0633\u062a\u064a\u0644 \u0627\u0644\u0633\u0639\u0629: 1.7 \u0644\u062a\u0631 \/ 7 \u0623\u0643\u0648\u0627\u0628. \u0645\u0624\u0634\u0631 \u0644\u0645\u0639\u0631\u0641\u0629 \u0645\u0633\u062a\u0648\u0649 \u0627\u0644\u0645\u064a\u0627\u0647. \u0627\u0641\u062a\u062d \u0627\u0644\u063a\u0637\u0627\u0621 \u0628\u0627\u0633\u062a\u062e\u062f\u0627\u0645 \u0646\u0638\u0627\u0645 \u0627\u0644\u0641\u062a\u062d \u0627\u0644\u0646\u0627\u0639\u0645: \u0646\u0638\u0627\u0645 \u0641\u062a\u062d \u0645\u0631\u0646. \u0627\u0644\u0641\u0644\u062a\u0631: \u0646\u0639\u0645. \u0627\u0644\u0645\u0627\u062f\u0629: \u0633\u062a\u0627\u0646\u0644\u0633 \u0633\u062a\u064a\u0644<\/span><\/li>\n<li class=\"\"><span class=\"\">Capacity: 42 liters, digital display, 99-minute preset timer, and 7 automatic programs for easy cooking.<\/span><\/li>\n<li class=\"\"><span class=\"\">Plug (F; E): Schuko.\nVoltage: 220-240.\nFrequency (Hz): 50\/60 Hz.\nPower cord length: 1.0 m.<\/span><\/li>\n<li class=\"\"><span class=\"\">Product dimensions (H \u00d7 D \u00d7 W): 248 \u00d7 226 \u00d7 171 mm.\nNet weight: 1.6 kg.<\/span><\/li>\n<li class=\"\"><span class=\"\">Removable and washable stainless steel limescale filter.\n\n\nHidden heating element for safety and easy cleaning.<\/span><\/li>\n<\/ul>\n<p>&#8220;<\/p>","protected":false},"featured_media":1103,"comment_status":"open","ping_status":"closed","template":"","meta":{"site-sidebar-layout":"default","site-content-layout":"","ast-site-content-layout":"default","site-content-style":"default","site-sidebar-style":"default","ast-global-header-display":"","ast-banner-title-visibility":"","ast-main-header-display":"","ast-hfb-above-header-display":"","ast-hfb-below-header-display":"","ast-hfb-mobile-header-display":"","site-post-title":"","ast-breadcrumbs-content":"","ast-featured-img":"","footer-sml-layout":"","ast-disable-related-posts":"","theme-transparent-header-meta":"default","adv-header-id-meta":"","stick-header-meta":"","header-above-stick-meta":"","header-main-stick-meta":"","header-below-stick-meta":"","astra-migrate-meta-layouts":"set","ast-page-background-enabled":"default","ast-page-background-meta":{"desktop":{"background-color":"var(--ast-global-color-4)","background-image":"","background-repeat":"repeat","background-position":"center center","background-size":"auto","background-attachment":"scroll","background-type":"","background-media":"","overlay-type":"","overlay-color":"","overlay-opacity":"","overlay-gradient":""},"tablet":{"background-color":"","background-image":"","background-repeat":"repeat","background-position":"center center","background-size":"auto","background-attachment":"scroll","background-type":"","background-media":"","overlay-type":"","overlay-color":"","overlay-opacity":"","overlay-gradient":""},"mobile":{"background-color":"","background-image":"","background-repeat":"repeat","background-position":"center center","background-size":"auto","background-attachment":"scroll","background-type":"","background-media":"","overlay-type":"","overlay-color":"","overlay-opacity":"","overlay-gradient":""}},"ast-content-background-meta":{"desktop":{"background-color":"var(--ast-global-color-5)","background-image":"","background-repeat":"repeat","background-position":"center center","background-size":"auto","background-attachment":"scroll","background-type":"","background-media":"","overlay-type":"","overlay-color":"","overlay-opacity":"","overlay-gradient":""},"tablet":{"background-color":"var(--ast-global-color-5)","background-image":"","background-repeat":"repeat","background-position":"center center","background-size":"auto","background-attachment":"scroll","background-type":"","background-media":"","overlay-type":"","overlay-color":"","overlay-opacity":"","overlay-gradient":""},"mobile":{"background-color":"var(--ast-global-color-5)","background-image":"","background-repeat":"repeat","background-position":"center center","background-size":"auto","background-attachment":"scroll","background-type":"","background-media":"","overlay-type":"","overlay-color":"","overlay-opacity":"","overlay-gradient":""}}},"product_brand":[],"product_cat":[149],"product_tag":[316,318,171,317,315,169],"class_list":{"0":"post-1486","1":"product","2":"type-product","3":"status-publish","4":"has-post-thumbnail","6":"product_cat-149","7":"product_tag-3000-","8":"product_tag-3000w","9":"product_tag-kettle","10":"product_tag-smeg","11":"product_tag-315","12":"product_tag-169","13":"desktop-align-left","14":"tablet-align-left","15":"mobile-align-left","17":"first","18":"instock","19":"shipping-taxable","20":"purchasable","21":"product-type-simple"},"yoast_head":"<!-- This site is optimized with the Yoast SEO plugin v27.5 - https:\/\/yoast.com\/product\/yoast-seo-wordpress\/ -->\n<title>\u063a\u0644\u0627\u064a\u0647 \u0633\u0645\u064a\u062c 3000 \u0648\u0627\u062a KLF03RDEU - refela stores \u0631\u0641\u064a\u0644\u0647 \u0633\u062a\u0648\u0631\u0632<\/title>\n<meta name=\"robots\" content=\"index, follow, max-snippet:-1, max-image-preview:large, max-video-preview:-1\" \/>\n<link rel=\"canonical\" href=\"https:\/\/refelastores.com\/en\/product\/\u063a\u0644\u0627\u064a\u0647-\u0633\u0645\u064a\u062c-3000-\u0648\u0627\u062a-klf03rdeu\/\" \/>\n<meta property=\"og:locale\" content=\"en_US\" \/>\n<meta property=\"og:type\" content=\"article\" \/>\n<meta property=\"og:title\" content=\"\u063a\u0644\u0627\u064a\u0647 \u0633\u0645\u064a\u062c 3000 \u0648\u0627\u062a KLF03RDEU - refela stores \u0631\u0641\u064a\u0644\u0647 \u0633\u062a\u0648\u0631\u0632\" \/>\n<meta property=\"og:description\" content=\"\u00a0\u0627\u0644\u0637\u0627\u0642\u0629 (\u0648\u0627\u0637): 2400. \u0646\u0648\u0639 \u0627\u0644\u062a\u062d\u0643\u0645: \u0630\u0631\u0627\u0639. \u0627\u0644\u0645\u0627\u062f\u0629: \u0633\u062a\u0627\u0646\u0644\u0633 \u0633\u062a\u064a\u0644 \u0627\u0644\u0633\u0639\u0629: 1.7 \u0644\u062a\u0631 \/ 7 \u0623\u0643\u0648\u0627\u0628. \u0645\u0624\u0634\u0631 \u0644\u0645\u0639\u0631\u0641\u0629 \u0645\u0633\u062a\u0648\u0649 \u0627\u0644\u0645\u064a\u0627\u0647. \u0627\u0641\u062a\u062d \u0627\u0644\u063a\u0637\u0627\u0621 \u0628\u0627\u0633\u062a\u062e\u062f\u0627\u0645 \u0646\u0638\u0627\u0645 \u0627\u0644\u0641\u062a\u062d \u0627\u0644\u0646\u0627\u0639\u0645: \u0646\u0638\u0627\u0645 \u0641\u062a\u062d \u0645\u0631\u0646. \u0627\u0644\u0641\u0644\u062a\u0631: \u0646\u0639\u0645. \u0627\u0644\u0645\u0627\u062f\u0629: \u0633\u062a\u0627\u0646\u0644\u0633 \u0633\u062a\u064a\u0644  \u0633\u0639\u0629 42 \u0644\u062a\u0631\u060c \u0634\u0627\u0634\u0629 \u0639\u0631\u0636 \u062f\u064a\u062c\u064a\u062a\u0627\u0644 \u0648\u0645\u0624\u0642\u062a \u0636\u0628\u0637 \u0645\u0633\u0628\u0642 99 \u062f\u0642\u064a\u0642\u0629 \u0648\u0642\u0627\u0626\u0645\u0629 \u0628\u06407 \u0628\u0631\u0627\u0645\u062c \u062a\u0644\u0642\u0627\u0626\u064a\u0629 \u0644\u0633\u0647\u0648\u0644\u0629 \u0627\u0644\u0637\u0647\u064a  \u0627\u0644\u0642\u0627\u0628\u0633 (F\u061b E): \u0634\u0648\u0643\u0648. \u0627\u0644\u062c\u0647\u062f \u0627\u0644\u0643\u0647\u0631\u0628\u0627\u0626\u064a: 220-240. \u0627\u0644\u062a\u0631\u062f\u062f (\u0647\u0631\u062a\u0632) 50\/60 \u0647\u0631\u062a\u0632. \u0637\u0648\u0644 \u0633\u0644\u0643 \u0627\u0644\u0643\u0647\u0631\u0628\u0627\u0621: 1.0 \u0645\u062a\u0631  \u0623\u0628\u0639\u0627\u062f \u0627\u0644\u0645\u0646\u062a\u062c (\u0627\u0644\u0627\u0631\u062a\u0641\u0627\u0639 \u00d7 \u0627\u0644\u0639\u0645\u0642 \u00d7 \u0627\u0644\u0639\u0631\u0636): 248 \u00d7 226 \u00d7 171 \u0645\u0644\u0645. \u0627\u0644\u0648\u0632\u0646 \u0627\u0644\u0635\u0627\u0641\u064a: 1.6 \u0643\u062c\u0645  \u0641\u0644\u062a\u0631 \u0642\u0627\u0628\u0644 \u0644\u0644\u0625\u0632\u0627\u0644\u0629 \u0648\u0627\u0644\u063a\u0633\u0644 \u0645\u0646 \u0627\u0644\u0641\u0648\u0644\u0627\u0630 \u0627\u0644\u0645\u0642\u0627\u0648\u0645 \u0644\u0644\u0635\u062f\u0623 \u0644\u0625\u0632\u0627\u0644\u0629 \u062a\u0631\u0633\u0628\u0627\u062a \u0627\u0644\u062c\u064a\u0631. \u0639\u0646\u0635\u0631 \u0627\u0644\u062a\u0633\u062e\u064a\u0646 \u0627\u0644\u0645\u062e\u0641\u064a.  &quot;\" \/>\n<meta property=\"og:url\" content=\"https:\/\/refelastores.com\/en\/product\/\u063a\u0644\u0627\u064a\u0647-\u0633\u0645\u064a\u062c-3000-\u0648\u0627\u062a-klf03rdeu\/\" \/>\n<meta property=\"og:site_name\" content=\"refela stores \u0631\u0641\u064a\u0644\u0647 \u0633\u062a\u0648\u0631\u0632\" \/>\n<meta property=\"article:publisher\" content=\"https:\/\/www.facebook.com\/people\/Refela-stores\/61576105542362\/\" \/>\n<meta property=\"article:modified_time\" content=\"2026-04-12T14:20:27+00:00\" \/>\n<meta property=\"og:image\" content=\"https:\/\/refelastores.com\/wp-content\/uploads\/2025\/10\/293.jpg\" \/>\n\t<meta property=\"og:image:width\" content=\"1000\" \/>\n\t<meta property=\"og:image:height\" content=\"1000\" \/>\n\t<meta property=\"og:image:type\" content=\"image\/jpeg\" \/>\n<meta name=\"twitter:card\" content=\"summary_large_image\" \/>\n<meta name=\"twitter:label1\" content=\"Est. reading time\" \/>\n\t<meta name=\"twitter:data1\" content=\"1 minute\" \/>\n<script type=\"application\/ld+json\" class=\"yoast-schema-graph\">{\"@context\":\"https:\\\/\\\/schema.org\",\"@graph\":[{\"@type\":\"WebPage\",\"@id\":\"https:\\\/\\\/refelastores.com\\\/product\\\/%d8%ba%d9%84%d8%a7%d9%8a%d9%87-%d8%b3%d9%85%d9%8a%d8%ac-3000-%d9%88%d8%a7%d8%aa-klf03rdeu\\\/\",\"url\":\"https:\\\/\\\/refelastores.com\\\/product\\\/%d8%ba%d9%84%d8%a7%d9%8a%d9%87-%d8%b3%d9%85%d9%8a%d8%ac-3000-%d9%88%d8%a7%d8%aa-klf03rdeu\\\/\",\"name\":\"\u063a\u0644\u0627\u064a\u0647 \u0633\u0645\u064a\u062c 3000 \u0648\u0627\u062a KLF03RDEU - refela stores \u0631\u0641\u064a\u0644\u0647 \u0633\u062a\u0648\u0631\u0632\",\"isPartOf\":{\"@id\":\"https:\\\/\\\/refelastores.com\\\/#website\"},\"primaryImageOfPage\":{\"@id\":\"https:\\\/\\\/refelastores.com\\\/product\\\/%d8%ba%d9%84%d8%a7%d9%8a%d9%87-%d8%b3%d9%85%d9%8a%d8%ac-3000-%d9%88%d8%a7%d8%aa-klf03rdeu\\\/#primaryimage\"},\"image\":{\"@id\":\"https:\\\/\\\/refelastores.com\\\/product\\\/%d8%ba%d9%84%d8%a7%d9%8a%d9%87-%d8%b3%d9%85%d9%8a%d8%ac-3000-%d9%88%d8%a7%d8%aa-klf03rdeu\\\/#primaryimage\"},\"thumbnailUrl\":\"https:\\\/\\\/refelastores.com\\\/wp-content\\\/uploads\\\/2025\\\/10\\\/293.jpg\",\"datePublished\":\"2025-10-07T11:57:02+00:00\",\"dateModified\":\"2026-04-12T14:20:27+00:00\",\"breadcrumb\":{\"@id\":\"https:\\\/\\\/refelastores.com\\\/product\\\/%d8%ba%d9%84%d8%a7%d9%8a%d9%87-%d8%b3%d9%85%d9%8a%d8%ac-3000-%d9%88%d8%a7%d8%aa-klf03rdeu\\\/#breadcrumb\"},\"inLanguage\":\"en-US\",\"potentialAction\":[{\"@type\":\"ReadAction\",\"target\":[\"https:\\\/\\\/refelastores.com\\\/product\\\/%d8%ba%d9%84%d8%a7%d9%8a%d9%87-%d8%b3%d9%85%d9%8a%d8%ac-3000-%d9%88%d8%a7%d8%aa-klf03rdeu\\\/\"]}]},{\"@type\":\"ImageObject\",\"inLanguage\":\"en-US\",\"@id\":\"https:\\\/\\\/refelastores.com\\\/product\\\/%d8%ba%d9%84%d8%a7%d9%8a%d9%87-%d8%b3%d9%85%d9%8a%d8%ac-3000-%d9%88%d8%a7%d8%aa-klf03rdeu\\\/#primaryimage\",\"url\":\"https:\\\/\\\/refelastores.com\\\/wp-content\\\/uploads\\\/2025\\\/10\\\/293.jpg\",\"contentUrl\":\"https:\\\/\\\/refelastores.com\\\/wp-content\\\/uploads\\\/2025\\\/10\\\/293.jpg\",\"width\":1000,\"height\":1000},{\"@type\":\"BreadcrumbList\",\"@id\":\"https:\\\/\\\/refelastores.com\\\/product\\\/%d8%ba%d9%84%d8%a7%d9%8a%d9%87-%d8%b3%d9%85%d9%8a%d8%ac-3000-%d9%88%d8%a7%d8%aa-klf03rdeu\\\/#breadcrumb\",\"itemListElement\":[{\"@type\":\"ListItem\",\"position\":1,\"name\":\"Home\",\"item\":\"https:\\\/\\\/refelastores.com\\\/\"},{\"@type\":\"ListItem\",\"position\":2,\"name\":\"Shop\",\"item\":\"https:\\\/\\\/refelastores.com\\\/shop\\\/\"},{\"@type\":\"ListItem\",\"position\":3,\"name\":\"\u063a\u0644\u0627\u064a\u0647 \u0633\u0645\u064a\u062c 3000 \u0648\u0627\u062a KLF03RDEU\"}]},{\"@type\":\"WebSite\",\"@id\":\"https:\\\/\\\/refelastores.com\\\/#website\",\"url\":\"https:\\\/\\\/refelastores.com\\\/\",\"name\":\"refela stores\",\"description\":\"\u0643\u0644 \u0628\u064a\u062a \u064a\u0633\u062a\u062d\u0642 \u0627\u0644\u0623\u0641\u0636\u0644\",\"publisher\":{\"@id\":\"https:\\\/\\\/refelastores.com\\\/#organization\"},\"potentialAction\":[{\"@type\":\"SearchAction\",\"target\":{\"@type\":\"EntryPoint\",\"urlTemplate\":\"https:\\\/\\\/refelastores.com\\\/?s={search_term_string}\"},\"query-input\":{\"@type\":\"PropertyValueSpecification\",\"valueRequired\":true,\"valueName\":\"search_term_string\"}}],\"inLanguage\":\"en-US\"},{\"@type\":\"Organization\",\"@id\":\"https:\\\/\\\/refelastores.com\\\/#organization\",\"name\":\"refela stores\",\"url\":\"https:\\\/\\\/refelastores.com\\\/\",\"logo\":{\"@type\":\"ImageObject\",\"inLanguage\":\"en-US\",\"@id\":\"https:\\\/\\\/refelastores.com\\\/#\\\/schema\\\/logo\\\/image\\\/\",\"url\":\"https:\\\/\\\/refelastores.com\\\/wp-content\\\/uploads\\\/2025\\\/10\\\/51818.jpg\",\"contentUrl\":\"https:\\\/\\\/refelastores.com\\\/wp-content\\\/uploads\\\/2025\\\/10\\\/51818.jpg\",\"width\":126,\"height\":133,\"caption\":\"refela stores\"},\"image\":{\"@id\":\"https:\\\/\\\/refelastores.com\\\/#\\\/schema\\\/logo\\\/image\\\/\"},\"sameAs\":[\"https:\\\/\\\/www.facebook.com\\\/people\\\/Refela-stores\\\/61576105542362\\\/\"]}]}<\/script>\n<!-- \/ Yoast SEO plugin. -->","yoast_head_json":{"title":"\u063a\u0644\u0627\u064a\u0647 \u0633\u0645\u064a\u062c 3000 \u0648\u0627\u062a KLF03RDEU - refela stores \u0631\u0641\u064a\u0644\u0647 \u0633\u062a\u0648\u0631\u0632","robots":{"index":"index","follow":"follow","max-snippet":"max-snippet:-1","max-image-preview":"max-image-preview:large","max-video-preview":"max-video-preview:-1"},"canonical":"https:\/\/refelastores.com\/en\/product\/\u063a\u0644\u0627\u064a\u0647-\u0633\u0645\u064a\u062c-3000-\u0648\u0627\u062a-klf03rdeu\/","og_locale":"en_US","og_type":"article","og_title":"\u063a\u0644\u0627\u064a\u0647 \u0633\u0645\u064a\u062c 3000 \u0648\u0627\u062a KLF03RDEU - refela stores \u0631\u0641\u064a\u0644\u0647 \u0633\u062a\u0648\u0631\u0632","og_description":"\u00a0\u0627\u0644\u0637\u0627\u0642\u0629 (\u0648\u0627\u0637): 2400. \u0646\u0648\u0639 \u0627\u0644\u062a\u062d\u0643\u0645: \u0630\u0631\u0627\u0639. \u0627\u0644\u0645\u0627\u062f\u0629: \u0633\u062a\u0627\u0646\u0644\u0633 \u0633\u062a\u064a\u0644 \u0627\u0644\u0633\u0639\u0629: 1.7 \u0644\u062a\u0631 \/ 7 \u0623\u0643\u0648\u0627\u0628. \u0645\u0624\u0634\u0631 \u0644\u0645\u0639\u0631\u0641\u0629 \u0645\u0633\u062a\u0648\u0649 \u0627\u0644\u0645\u064a\u0627\u0647. \u0627\u0641\u062a\u062d \u0627\u0644\u063a\u0637\u0627\u0621 \u0628\u0627\u0633\u062a\u062e\u062f\u0627\u0645 \u0646\u0638\u0627\u0645 \u0627\u0644\u0641\u062a\u062d \u0627\u0644\u0646\u0627\u0639\u0645: \u0646\u0638\u0627\u0645 \u0641\u062a\u062d \u0645\u0631\u0646. \u0627\u0644\u0641\u0644\u062a\u0631: \u0646\u0639\u0645. \u0627\u0644\u0645\u0627\u062f\u0629: \u0633\u062a\u0627\u0646\u0644\u0633 \u0633\u062a\u064a\u0644  \u0633\u0639\u0629 42 \u0644\u062a\u0631\u060c \u0634\u0627\u0634\u0629 \u0639\u0631\u0636 \u062f\u064a\u062c\u064a\u062a\u0627\u0644 \u0648\u0645\u0624\u0642\u062a \u0636\u0628\u0637 \u0645\u0633\u0628\u0642 99 \u062f\u0642\u064a\u0642\u0629 \u0648\u0642\u0627\u0626\u0645\u0629 \u0628\u06407 \u0628\u0631\u0627\u0645\u062c \u062a\u0644\u0642\u0627\u0626\u064a\u0629 \u0644\u0633\u0647\u0648\u0644\u0629 \u0627\u0644\u0637\u0647\u064a  \u0627\u0644\u0642\u0627\u0628\u0633 (F\u061b E): \u0634\u0648\u0643\u0648. \u0627\u0644\u062c\u0647\u062f \u0627\u0644\u0643\u0647\u0631\u0628\u0627\u0626\u064a: 220-240. \u0627\u0644\u062a\u0631\u062f\u062f (\u0647\u0631\u062a\u0632) 50\/60 \u0647\u0631\u062a\u0632. \u0637\u0648\u0644 \u0633\u0644\u0643 \u0627\u0644\u0643\u0647\u0631\u0628\u0627\u0621: 1.0 \u0645\u062a\u0631  \u0623\u0628\u0639\u0627\u062f \u0627\u0644\u0645\u0646\u062a\u062c (\u0627\u0644\u0627\u0631\u062a\u0641\u0627\u0639 \u00d7 \u0627\u0644\u0639\u0645\u0642 \u00d7 \u0627\u0644\u0639\u0631\u0636): 248 \u00d7 226 \u00d7 171 \u0645\u0644\u0645. \u0627\u0644\u0648\u0632\u0646 \u0627\u0644\u0635\u0627\u0641\u064a: 1.6 \u0643\u062c\u0645  \u0641\u0644\u062a\u0631 \u0642\u0627\u0628\u0644 \u0644\u0644\u0625\u0632\u0627\u0644\u0629 \u0648\u0627\u0644\u063a\u0633\u0644 \u0645\u0646 \u0627\u0644\u0641\u0648\u0644\u0627\u0630 \u0627\u0644\u0645\u0642\u0627\u0648\u0645 \u0644\u0644\u0635\u062f\u0623 \u0644\u0625\u0632\u0627\u0644\u0629 \u062a\u0631\u0633\u0628\u0627\u062a \u0627\u0644\u062c\u064a\u0631. \u0639\u0646\u0635\u0631 \u0627\u0644\u062a\u0633\u062e\u064a\u0646 \u0627\u0644\u0645\u062e\u0641\u064a.  \"","og_url":"https:\/\/refelastores.com\/en\/product\/\u063a\u0644\u0627\u064a\u0647-\u0633\u0645\u064a\u062c-3000-\u0648\u0627\u062a-klf03rdeu\/","og_site_name":"refela stores \u0631\u0641\u064a\u0644\u0647 \u0633\u062a\u0648\u0631\u0632","article_publisher":"https:\/\/www.facebook.com\/people\/Refela-stores\/61576105542362\/","article_modified_time":"2026-04-12T14:20:27+00:00","og_image":[{"width":1000,"height":1000,"url":"https:\/\/refelastores.com\/wp-content\/uploads\/2025\/10\/293.jpg","type":"image\/jpeg"}],"twitter_card":"summary_large_image","twitter_misc":{"Est. reading time":"1 minute"},"schema":{"@context":"https:\/\/schema.org","@graph":[{"@type":"WebPage","@id":"https:\/\/refelastores.com\/product\/%d8%ba%d9%84%d8%a7%d9%8a%d9%87-%d8%b3%d9%85%d9%8a%d8%ac-3000-%d9%88%d8%a7%d8%aa-klf03rdeu\/","url":"https:\/\/refelastores.com\/product\/%d8%ba%d9%84%d8%a7%d9%8a%d9%87-%d8%b3%d9%85%d9%8a%d8%ac-3000-%d9%88%d8%a7%d8%aa-klf03rdeu\/","name":"\u063a\u0644\u0627\u064a\u0647 \u0633\u0645\u064a\u062c 3000 \u0648\u0627\u062a KLF03RDEU - refela stores \u0631\u0641\u064a\u0644\u0647 \u0633\u062a\u0648\u0631\u0632","isPartOf":{"@id":"https:\/\/refelastores.com\/#website"},"primaryImageOfPage":{"@id":"https:\/\/refelastores.com\/product\/%d8%ba%d9%84%d8%a7%d9%8a%d9%87-%d8%b3%d9%85%d9%8a%d8%ac-3000-%d9%88%d8%a7%d8%aa-klf03rdeu\/#primaryimage"},"image":{"@id":"https:\/\/refelastores.com\/product\/%d8%ba%d9%84%d8%a7%d9%8a%d9%87-%d8%b3%d9%85%d9%8a%d8%ac-3000-%d9%88%d8%a7%d8%aa-klf03rdeu\/#primaryimage"},"thumbnailUrl":"https:\/\/refelastores.com\/wp-content\/uploads\/2025\/10\/293.jpg","datePublished":"2025-10-07T11:57:02+00:00","dateModified":"2026-04-12T14:20:27+00:00","breadcrumb":{"@id":"https:\/\/refelastores.com\/product\/%d8%ba%d9%84%d8%a7%d9%8a%d9%87-%d8%b3%d9%85%d9%8a%d8%ac-3000-%d9%88%d8%a7%d8%aa-klf03rdeu\/#breadcrumb"},"inLanguage":"en-US","potentialAction":[{"@type":"ReadAction","target":["https:\/\/refelastores.com\/product\/%d8%ba%d9%84%d8%a7%d9%8a%d9%87-%d8%b3%d9%85%d9%8a%d8%ac-3000-%d9%88%d8%a7%d8%aa-klf03rdeu\/"]}]},{"@type":"ImageObject","inLanguage":"en-US","@id":"https:\/\/refelastores.com\/product\/%d8%ba%d9%84%d8%a7%d9%8a%d9%87-%d8%b3%d9%85%d9%8a%d8%ac-3000-%d9%88%d8%a7%d8%aa-klf03rdeu\/#primaryimage","url":"https:\/\/refelastores.com\/wp-content\/uploads\/2025\/10\/293.jpg","contentUrl":"https:\/\/refelastores.com\/wp-content\/uploads\/2025\/10\/293.jpg","width":1000,"height":1000},{"@type":"BreadcrumbList","@id":"https:\/\/refelastores.com\/product\/%d8%ba%d9%84%d8%a7%d9%8a%d9%87-%d8%b3%d9%85%d9%8a%d8%ac-3000-%d9%88%d8%a7%d8%aa-klf03rdeu\/#breadcrumb","itemListElement":[{"@type":"ListItem","position":1,"name":"Home","item":"https:\/\/refelastores.com\/"},{"@type":"ListItem","position":2,"name":"Shop","item":"https:\/\/refelastores.com\/shop\/"},{"@type":"ListItem","position":3,"name":"\u063a\u0644\u0627\u064a\u0647 \u0633\u0645\u064a\u062c 3000 \u0648\u0627\u062a KLF03RDEU"}]},{"@type":"WebSite","@id":"https:\/\/refelastores.com\/#website","url":"https:\/\/refelastores.com\/","name":"refela stores","description":"\u0643\u0644 \u0628\u064a\u062a \u064a\u0633\u062a\u062d\u0642 \u0627\u0644\u0623\u0641\u0636\u0644","publisher":{"@id":"https:\/\/refelastores.com\/#organization"},"potentialAction":[{"@type":"SearchAction","target":{"@type":"EntryPoint","urlTemplate":"https:\/\/refelastores.com\/?s={search_term_string}"},"query-input":{"@type":"PropertyValueSpecification","valueRequired":true,"valueName":"search_term_string"}}],"inLanguage":"en-US"},{"@type":"Organization","@id":"https:\/\/refelastores.com\/#organization","name":"refela stores","url":"https:\/\/refelastores.com\/","logo":{"@type":"ImageObject","inLanguage":"en-US","@id":"https:\/\/refelastores.com\/#\/schema\/logo\/image\/","url":"https:\/\/refelastores.com\/wp-content\/uploads\/2025\/10\/51818.jpg","contentUrl":"https:\/\/refelastores.com\/wp-content\/uploads\/2025\/10\/51818.jpg","width":126,"height":133,"caption":"refela stores"},"image":{"@id":"https:\/\/refelastores.com\/#\/schema\/logo\/image\/"},"sameAs":["https:\/\/www.facebook.com\/people\/Refela-stores\/61576105542362\/"]}]}},"_links":{"self":[{"href":"https:\/\/refelastores.com\/en\/wp-json\/wp\/v2\/product\/1486","targetHints":{"allow":["GET"]}}],"collection":[{"href":"https:\/\/refelastores.com\/en\/wp-json\/wp\/v2\/product"}],"about":[{"href":"https:\/\/refelastores.com\/en\/wp-json\/wp\/v2\/types\/product"}],"replies":[{"embeddable":true,"href":"https:\/\/refelastores.com\/en\/wp-json\/wp\/v2\/comments?post=1486"}],"wp:featuredmedia":[{"embeddable":true,"href":"https:\/\/refelastores.com\/en\/wp-json\/wp\/v2\/media\/1103"}],"wp:attachment":[{"href":"https:\/\/refelastores.com\/en\/wp-json\/wp\/v2\/media?parent=1486"}],"wp:term":[{"taxonomy":"product_brand","embeddable":true,"href":"https:\/\/refelastores.com\/en\/wp-json\/wp\/v2\/product_brand?post=1486"},{"taxonomy":"product_cat","embeddable":true,"href":"https:\/\/refelastores.com\/en\/wp-json\/wp\/v2\/product_cat?post=1486"},{"taxonomy":"product_tag","embeddable":true,"href":"https:\/\/refelastores.com\/en\/wp-json\/wp\/v2\/product_tag?post=1486"}],"curies":[{"name":"wp","href":"https:\/\/api.w.org\/{rel}","templated":true}]}}